{"id":86,"date":"2018-10-02T21:32:11","date_gmt":"2018-10-02T19:32:11","guid":{"rendered":"http:\/\/art-therapie-laurencegarmadi.fr\/?page_id=86"},"modified":"2025-12-08T14:46:36","modified_gmt":"2025-12-08T13:46:36","slug":"ateliers","status":"publish","type":"page","link":"https:\/\/art-therapie-laurencegarmadi.fr\/?page_id=86","title":{"rendered":"Ateliers"},"content":{"rendered":"\n<div class=\"wp-block-media-text is-stacked-on-mobile\"><figure class=\"wp-block-media-text__media\"><img loading=\"lazy\" decoding=\"async\" width=\"724\" height=\"1024\" src=\"https:\/\/art-therapie-laurencegarmadi.fr\/wp-content\/uploads\/2025\/11\/Fourmiliere-724x1024.jpg\" alt=\"\" class=\"wp-image-1400 size-full\" srcset=\"https:\/\/art-therapie-laurencegarmadi.fr\/wp-content\/uploads\/2025\/11\/Fourmiliere-724x1024.jpg 724w, https:\/\/art-therapie-laurencegarmadi.fr\/wp-content\/uploads\/2025\/11\/Fourmiliere-212x300.jpg 212w, https:\/\/art-therapie-laurencegarmadi.fr\/wp-content\/uploads\/2025\/11\/Fourmiliere-768x1086.jpg 768w, https:\/\/art-therapie-laurencegarmadi.fr\/wp-content\/uploads\/2025\/11\/Fourmiliere.jpg 794w\" sizes=\"(max-width: 724px) 100vw, 724px\" \/><\/figure><div class=\"wp-block-media-text__content\">\n<p>\u00caTRE au c\u0153ur de soi, du son, de la r\u00e9sonance, en lien avec les autres gr\u00e2ce \u00e0 une pratique de pr\u00e9sence enracin\u00e9e dans le corps, le souffle, la voix, c\u2019est ce que je vous propose dans cet atelier.<\/p>\n\n\n\n<p>Vous serez install\u00e9-es dans votre base, en r\u00e9sonance avec vos profondeurs, votre puissance, votre douceur, entre pr\u00e9sence corporelle et sonore.<\/p>\n\n\n\n<p>Gr\u00e2ce \u00e0 des voyellisations, des onomatop\u00e9es, des vocalisations, \u00e0 la crois\u00e9e du chant m\u00e9ditatif, intuitif et cr\u00e9atif, cette pratique vous offre une  rencontre avec la subtilit\u00e9 de votre chant, de votre source d\u2019inspiration et de votre silence int\u00e9rieur.          BIENVENU-E-S !<\/p>\n<\/div><\/div>\n","protected":false},"excerpt":{"rendered":"<p>\u00caTRE au c\u0153ur de soi, du son, de la r\u00e9sonance, en lien avec les autres gr\u00e2ce \u00e0 une pratique de pr\u00e9sence enracin\u00e9e dans le corps, le souffle, la voix, c\u2019est ce que je vous propose dans cet atelier. Vous serez install\u00e9-es dans votre base, en r\u00e9sonance avec vos profondeurs, votre puissance, votre douceur, entre pr\u00e9sence &hellip; <\/p>\n<p class=\"link-more\"><a href=\"https:\/\/art-therapie-laurencegarmadi.fr\/?page_id=86\" class=\"more-link\">Continuer la lecture<span class=\"screen-reader-text\"> de &laquo;&nbsp;Ateliers&nbsp;&raquo;<\/span><\/a><\/p>\n","protected":false},"author":1,"featured_media":22,"parent":0,"menu_order":0,"comment_status":"closed","ping_status":"closed","template":"","meta":{"footnotes":""},"_links":{"self":[{"href":"https:\/\/art-therapie-laurencegarmadi.fr\/index.php?rest_route=\/wp\/v2\/pages\/86"}],"collection":[{"href":"https:\/\/art-therapie-laurencegarmadi.fr\/index.php?rest_route=\/wp\/v2\/pages"}],"about":[{"href":"https:\/\/art-therapie-laurencegarmadi.fr\/index.php?rest_route=\/wp\/v2\/types\/page"}],"author":[{"embeddable":true,"href":"https:\/\/art-therapie-laurencegarmadi.fr\/index.php?rest_route=\/wp\/v2\/users\/1"}],"replies":[{"embeddable":true,"href":"https:\/\/art-therapie-laurencegarmadi.fr\/index.php?rest_route=%2Fwp%2Fv2%2Fcomments&post=86"}],"version-history":[{"count":3,"href":"https:\/\/art-therapie-laurencegarmadi.fr\/index.php?rest_route=\/wp\/v2\/pages\/86\/revisions"}],"predecessor-version":[{"id":1402,"href":"https:\/\/art-therapie-laurencegarmadi.fr\/index.php?rest_route=\/wp\/v2\/pages\/86\/revisions\/1402"}],"wp:featuredmedia":[{"embeddable":true,"href":"https:\/\/art-therapie-laurencegarmadi.fr\/index.php?rest_route=\/wp\/v2\/media\/22"}],"wp:attachment":[{"href":"https:\/\/art-therapie-laurencegarmadi.fr\/index.php?rest_route=%2Fwp%2Fv2%2Fmedia&parent=86"}],"curies":[{"name":"wp","href":"https:\/\/api.w.org\/{rel}","templated":true}]}}