{"id":42,"date":"2018-09-29T20:02:45","date_gmt":"2018-09-29T18:02:45","guid":{"rendered":"http:\/\/art-therapie-laurencegarmadi.fr\/?page_id=42"},"modified":"2024-09-09T11:09:25","modified_gmt":"2024-09-09T09:09:25","slug":"le-chant-de-la-terre","status":"publish","type":"page","link":"https:\/\/art-therapie-laurencegarmadi.fr\/","title":{"rendered":"Le chant de la terre"},"content":{"rendered":"<p align=\"JUSTIFY\"><span style=\"color: #0066cc;\"><span style=\"font-family: English;\"><span style=\"font-size: 300%;\">L<\/span><\/span><\/span><span style=\"font-family: DIN;\"><span style=\"font-size: medium;\">a voix, les \u00ab voyellisations \u00bb, la re\u0301sonance permettent d\u2019acce\u0301der a\u0300 toutes les dimensions de la personne et de contacter ses ressources pour les re-dynamiser, les d\u00e9ployer. <\/span><\/span><\/p>\n<p align=\"JUSTIFY\"><span style=\"font-family: DIN;\"><span style=\"font-size: medium;\">Cela constitue une immersion dans le souffle qui vitalise pleinement l\u2019individu. Cela donne corps a\u0300 la voix &#8211; et son inverse.\u00a0 Cela donne voix au corps dans sa dimension plurielle, c&rsquo;est \u00e0 dire anatomique, physiologique, \u00e9motionnelle, psychique, neurosensorielle, vibratoire, spirituelle et \u00e0 ses multiples traces, empreintes indissociables du chemin&#8230; en r\u00e9sonance. <\/span><\/span><\/p>\n<p align=\"JUSTIFY\"><span style=\"font-family: DIN;\"><span style=\"font-size: medium;\">Le souffle, la voix r\u00e9-insufflent un \u00e9lan de vie propre \u00e0 chacun-e afin de le rayonner dans ce monde. <\/span><\/span><\/p>\n<p align=\"JUSTIFY\">\n","protected":false},"excerpt":{"rendered":"<p>La voix, les \u00ab voyellisations \u00bb, la re\u0301sonance permettent d\u2019acce\u0301der a\u0300 toutes les dimensions de la personne et de contacter ses ressources pour les re-dynamiser, les d\u00e9ployer. Cela constitue une immersion dans le souffle qui vitalise pleinement l\u2019individu. Cela donne corps a\u0300 la voix &#8211; et son inverse.\u00a0 Cela donne voix au corps dans sa &hellip; <\/p>\n<p class=\"link-more\"><a href=\"https:\/\/art-therapie-laurencegarmadi.fr\/\" class=\"more-link\">Continuer la lecture<span class=\"screen-reader-text\"> de &laquo;&nbsp;Le chant de la terre&nbsp;&raquo;<\/span><\/a><\/p>\n","protected":false},"author":1,"featured_media":0,"parent":0,"menu_order":0,"comment_status":"closed","ping_status":"closed","template":"","meta":{"footnotes":""},"_links":{"self":[{"href":"https:\/\/art-therapie-laurencegarmadi.fr\/index.php?rest_route=\/wp\/v2\/pages\/42"}],"collection":[{"href":"https:\/\/art-therapie-laurencegarmadi.fr\/index.php?rest_route=\/wp\/v2\/pages"}],"about":[{"href":"https:\/\/art-therapie-laurencegarmadi.fr\/index.php?rest_route=\/wp\/v2\/types\/page"}],"author":[{"embeddable":true,"href":"https:\/\/art-therapie-laurencegarmadi.fr\/index.php?rest_route=\/wp\/v2\/users\/1"}],"replies":[{"embeddable":true,"href":"https:\/\/art-therapie-laurencegarmadi.fr\/index.php?rest_route=%2Fwp%2Fv2%2Fcomments&post=42"}],"version-history":[{"count":5,"href":"https:\/\/art-therapie-laurencegarmadi.fr\/index.php?rest_route=\/wp\/v2\/pages\/42\/revisions"}],"predecessor-version":[{"id":1238,"href":"https:\/\/art-therapie-laurencegarmadi.fr\/index.php?rest_route=\/wp\/v2\/pages\/42\/revisions\/1238"}],"wp:attachment":[{"href":"https:\/\/art-therapie-laurencegarmadi.fr\/index.php?rest_route=%2Fwp%2Fv2%2Fmedia&parent=42"}],"curies":[{"name":"wp","href":"https:\/\/api.w.org\/{rel}","templated":true}]}}