{"id":134,"date":"2018-11-11T17:23:01","date_gmt":"2018-11-11T16:23:01","guid":{"rendered":"http:\/\/art-therapie-laurencegarmadi.fr\/?page_id=134"},"modified":"2024-09-12T16:59:29","modified_gmt":"2024-09-12T14:59:29","slug":"accompagnement-individuel","status":"publish","type":"page","link":"https:\/\/art-therapie-laurencegarmadi.fr\/?page_id=134","title":{"rendered":"Accompagnement Individuel"},"content":{"rendered":"<p align=\"JUSTIFY\"><span style=\"color: #000000;\"><span style=\"font-family: DIN;\"><span style=\"font-size: medium;\"><img loading=\"lazy\" decoding=\"async\" class=\"alignleft wp-image-25\" src=\"https:\/\/art-therapie-laurencegarmadi.fr\/wp-content\/uploads\/2018\/09\/5-e1541955636778.jpg\" alt=\"\" width=\"339\" height=\"480\" \/><\/span><\/span><\/span><\/p>\n<p align=\"JUSTIFY\"><strong><span style=\"color: #24d124;\"><span style=\"font-family: DIN;\"><span style=\"font-size: medium;\">Cet accompagnement r\u00e9pond au plus pr\u00e8s \u00e0 votre questionnement. Le processus propos\u00e9 passe par le corps, le souffle, l&rsquo;\u00e9coute int\u00e9rieure et ext\u00e9rieure, le son, mais aussi bien entendu, par ce que vous avez besoin de nommer et d\u00e9poser. <\/span><\/span><\/span><\/strong><\/p>\n<p style=\"text-align: left;\" align=\"JUSTIFY\"><strong><span style=\"color: #24d124;\"><span style=\"font-family: DIN;\"><span style=\"font-size: medium;\">Il repose sur le contact \u00e0 votre voix, que vous souhaitiez l&rsquo;investir ou parcourir en vous ce qui en a besoin pour mieux vous reconna\u00eetre, par son interm\u00e9diaire. Il repose sur le contact \u00e0 votre ressenti corporel, sonore, intuitif. Accueillir, apaiser ce qui a besoin de l&rsquo;\u00eatre permet de vous r\u00e9unifier et de remettre en circulation votre dynamique personnelle.\u00a0<\/span><\/span><\/span><\/strong><\/p>\n<p align=\"JUSTIFY\"><span style=\"color: #24d124;\">\u00a0<\/span><\/p>\n<p style=\"text-align: left; padding-left: 240px;\" align=\"CENTER\"><strong><span style=\"color: #24d124;\"><span style=\"font-family: DIN;\"><span style=\"font-size: medium;\">Lieux : <\/span><\/span><\/span><\/strong><\/p>\n<p style=\"text-align: left; padding-left: 240px;\" align=\"CENTER\"><strong><span style=\"color: #24d124;\"><span style=\"font-family: DIN;\"><span style=\"font-size: medium;\">&#8211; Poitiers, quartier des Rocs ; <\/span><\/span><\/span><\/strong><\/p>\n<p><strong><span style=\"color: #24d124;\"><span style=\"font-family: DIN;\"><span style=\"font-size: medium;\">\u00a0\u00a0\u00a0\u00a0\u00a0\u00a0\u00a0\u00a0\u00a0\u00a0\u00a0\u00a0\u00a0\u00a0\u00a0\u00a0\u00a0\u00a0\u00a0\u00a0\u00a0\u00a0\u00a0\u00a0\u00a0\u00a0\u00a0\u00a0\u00a0\u00a0\u00a0\u00a0\u00a0\u00a0\u00a0\u00a0\u00a0\u00a0\u00a0\u00a0\u00a0\u00a0 &#8211; Vasles, <\/span><\/span><\/span><\/strong><\/p>\n<p><strong><span style=\"color: #24d124;\"><span style=\"font-family: DIN;\"><span style=\"font-size: medium;\">\u00a0\u00a0\u00a0\u00a0\u00a0\u00a0\u00a0\u00a0\u00a0\u00a0\u00a0\u00a0\u00a0\u00a0\u00a0\u00a0\u00a0\u00a0\u00a0\u00a0\u00a0\u00a0\u00a0\u00a0\u00a0\u00a0\u00a0\u00a0\u00a0\u00a0\u00a0\u00a0\u00a0\u00a0\u00a0\u00a0\u00a0\u00a0\u00a0\u00a0\u00a0\u00a0 &#8211; Chez vous,<br \/>\n<\/span><\/span><\/span><\/strong><\/p>\n<p style=\"text-align: left; padding-left: 240px;\" align=\"CENTER\"><strong><span style=\"color: #24d124;\"><span style=\"font-family: DIN;\"><span style=\"font-size: medium;\">&#8211; En ligne, avec meet.jit.si<\/span><\/span><\/span><\/strong><\/p>\n<p style=\"text-align: left; padding-left: 240px;\" align=\"CENTER\"><strong><span style=\"color: #24d124;\"><span style=\"font-family: DIN;\"><span style=\"font-size: medium;\">Dur\u00e9e\u00a0: 1h<\/span><\/span><\/span><\/strong><\/p>\n<p style=\"text-align: left; padding-left: 240px;\" align=\"CENTER\"><strong><span style=\"color: #24d124;\"><span style=\"font-family: DIN;\"><span style=\"font-size: medium;\">Sur rendez-vous<\/span><\/span><\/span><\/strong><\/p>\n","protected":false},"excerpt":{"rendered":"<p>Cet accompagnement r\u00e9pond au plus pr\u00e8s \u00e0 votre questionnement. Le processus propos\u00e9 passe par le corps, le souffle, l&rsquo;\u00e9coute int\u00e9rieure et ext\u00e9rieure, le son, mais aussi bien entendu, par ce que vous avez besoin de nommer et d\u00e9poser. Il repose sur le contact \u00e0 votre voix, que vous souhaitiez l&rsquo;investir ou parcourir en vous ce &hellip; <\/p>\n<p class=\"link-more\"><a href=\"https:\/\/art-therapie-laurencegarmadi.fr\/?page_id=134\" class=\"more-link\">Continuer la lecture<span class=\"screen-reader-text\"> de &laquo;&nbsp;Accompagnement Individuel&nbsp;&raquo;<\/span><\/a><\/p>\n","protected":false},"author":1,"featured_media":0,"parent":0,"menu_order":0,"comment_status":"closed","ping_status":"closed","template":"","meta":{"footnotes":""},"_links":{"self":[{"href":"https:\/\/art-therapie-laurencegarmadi.fr\/index.php?rest_route=\/wp\/v2\/pages\/134"}],"collection":[{"href":"https:\/\/art-therapie-laurencegarmadi.fr\/index.php?rest_route=\/wp\/v2\/pages"}],"about":[{"href":"https:\/\/art-therapie-laurencegarmadi.fr\/index.php?rest_route=\/wp\/v2\/types\/page"}],"author":[{"embeddable":true,"href":"https:\/\/art-therapie-laurencegarmadi.fr\/index.php?rest_route=\/wp\/v2\/users\/1"}],"replies":[{"embeddable":true,"href":"https:\/\/art-therapie-laurencegarmadi.fr\/index.php?rest_route=%2Fwp%2Fv2%2Fcomments&post=134"}],"version-history":[{"count":25,"href":"https:\/\/art-therapie-laurencegarmadi.fr\/index.php?rest_route=\/wp\/v2\/pages\/134\/revisions"}],"predecessor-version":[{"id":1263,"href":"https:\/\/art-therapie-laurencegarmadi.fr\/index.php?rest_route=\/wp\/v2\/pages\/134\/revisions\/1263"}],"wp:attachment":[{"href":"https:\/\/art-therapie-laurencegarmadi.fr\/index.php?rest_route=%2Fwp%2Fv2%2Fmedia&parent=134"}],"curies":[{"name":"wp","href":"https:\/\/api.w.org\/{rel}","templated":true}]}}